{"id":23710,"date":"2024-10-31T18:50:04","date_gmt":"2024-10-31T16:50:04","guid":{"rendered":"https:\/\/www.govuokatti.fi\/?page_id=23710"},"modified":"2025-08-29T11:21:17","modified_gmt":"2025-08-29T08:21:17","slug":"sauna-raft","status":"publish","type":"page","link":"https:\/\/www.govuokatti.fi\/en\/water-experience-center\/sauna-raft\/","title":{"rendered":"Sauna raft"},"content":{"rendered":"<h1>Skate and sauna raft<\/h1>\n<div><booking-form clientId=\"66c84a19880cf0cd351375f1\" formId=\"66cee61aa63ca91f8a6caad1\"><div id=\"main-loader\" class=\"loader-wrapper\"><div class=\"loader-icon large padded\"><\/div><\/div><\/booking-form>\n<\/div>\n<div>\n<p><strong>Welcome to experience something completely unique \u2013 the world&#8217;s largest skate sauna raft!<\/strong><\/p>\n<p>This exceptional raft offers the perfect combination of relaxation and activities in nature. On board, you&#8217;ll find a sauna that accommodates 8\u201312 people, providing breathtaking views of the Vuokatti forest lake. You can also enjoy skating or scooting on the skate ramp!<\/p>\n<p>The raft features a rooftop terrace where you can soak up the sun and fresh air, along with a grill for preparing delicious meals. If it rains, you can retreat to the covered terrace for comfortable shelter. The softly lit raft creates a wonderful atmosphere, especially on autumn evenings.<\/p>\n<p>When you&#8217;re ready to refresh, jump right off the raft into the clear water or go paddleboarding in the beautiful scenery of Vuokatti&#8217;s Ahvenlampi. This is an experience you won\u2019t want to miss \u2013 come and enjoy the world&#8217;s largest skate sauna raft at Go Vuokatti&#8217;s Water Adventure Center!<\/p>\n<\/div>\n<ul>\n<li>\n<h3>Price<\/h3>\n<div>\n<p>Private events<br \/>299\u20ac\/group<\/p>\n<p>Available only 7 pm to 10 pm.<\/p>\n<\/div>\n<\/li>\n<li>\n<h3>Group size<\/h3>\n<div>\n<p>Max 30 person<\/p>\n<\/div>\n<\/li>\n<li>\n<h3>Includes<\/h3>\n<div>\n<p>The sauna will be warm upon the group&#8217;s arrival. We will guide you on how to use the sauna and explain what to do when the sauna session ends. The terraces and grill will be available for your use.<\/p>\n<\/div>\n<\/li>\n<li>\n<h3>Location<\/h3>\n<div>\n<p>Vuokatin Vesiel\u00e4myskeskus<br \/>Veikontie 4 \/ Ahvenlampi<br \/>88610 Vuokatti<\/p>\n<\/div>\n<\/li>\n<li>\n<h3>Additional services<\/h3>\n<div>\n<p>Every activity is available with this. Ask more!<\/p>\n<\/div>\n<\/li>\n<\/ul>\n<ul>\n<li>\n<p>        <img decoding=\"async\" src=\"\/wp-content\/uploads\/2024\/08\/LAUTTA-1920x1280-1.jpg\" alt=\"\"><\/p>\n<\/li>\n<li>\n<p>        <img decoding=\"async\" src=\"\/wp-content\/uploads\/2024\/08\/lautta.jpeg\" alt=\"\"><\/p>\n<\/li>\n<li>\n<p>        <img decoding=\"async\" src=\"\/wp-content\/uploads\/2024\/08\/Nimeton-malli-2.png\" alt=\"\"><\/p>\n<\/li>\n<li>\n<p>        <img decoding=\"async\" src=\"\/wp-content\/uploads\/2024\/08\/Nimeton-malli-3.png\" alt=\"\"><\/p>\n<\/li>\n<\/ul>\n<h2>CONTACT US<\/h2>\n<div><div class=\"wpforms-container wpforms-container-full\" id=\"wpforms-67\"><form id=\"wpforms-form-67\" class=\"wpforms-validate wpforms-form\" data-formid=\"67\" method=\"post\" enctype=\"multipart\/form-data\" action=\"\/en\/wp-json\/wp\/v2\/pages\/23710\" data-token=\"7cf05fae97ab4de92c88fde424626e92\" data-token-time=\"1775310644\"><noscript class=\"wpforms-error-noscript\">Please enable JavaScript in your browser to complete this form.<\/noscript><div class=\"wpforms-field-container\"><div id=\"wpforms-67-field_0-container\" class=\"wpforms-field wpforms-field-name wpforms-one-half wpforms-first\" data-field-id=\"0\"><label class=\"wpforms-field-label\" for=\"wpforms-67-field_0\">Nimi <span class=\"wpforms-required-label\">*<\/span><\/label><input type=\"text\" id=\"wpforms-67-field_0\" class=\"wpforms-field-large wpforms-field-required\" name=\"wpforms[fields][0]\" required><\/div><div id=\"wpforms-67-field_1-container\" class=\"wpforms-field wpforms-field-email wpforms-one-half\" data-field-id=\"1\"><label class=\"wpforms-field-label\" for=\"wpforms-67-field_1\">S\u00e4hk\u00f6posti <span class=\"wpforms-required-label\">*<\/span><\/label><input type=\"email\" id=\"wpforms-67-field_1\" class=\"wpforms-field-large wpforms-field-required\" name=\"wpforms[fields][1]\" spellcheck=\"false\" required><\/div><div id=\"wpforms-67-field_3-container\" class=\"wpforms-field wpforms-field-text wpforms-one-half wpforms-first\" data-field-id=\"3\"><label class=\"wpforms-field-label\" for=\"wpforms-67-field_3\">Puhelin <span class=\"wpforms-required-label\">*<\/span><\/label><input type=\"text\" id=\"wpforms-67-field_3\" class=\"wpforms-field-large wpforms-field-required\" name=\"wpforms[fields][3]\" required><\/div><div id=\"wpforms-67-field_4-container\" class=\"wpforms-field wpforms-field-text wpforms-one-half\" data-field-id=\"4\"><label class=\"wpforms-field-label\" for=\"wpforms-67-field_4\">Ajankohta ja henkil\u00f6m\u00e4\u00e4r\u00e4<\/label><input type=\"text\" id=\"wpforms-67-field_4\" class=\"wpforms-field-large\" name=\"wpforms[fields][4]\" ><\/div><div id=\"wpforms-67-field_2-container\" class=\"wpforms-field wpforms-field-textarea\" data-field-id=\"2\"><label class=\"wpforms-field-label\" for=\"wpforms-67-field_2\">Kerro lis\u00e4\u00e4 tai l\u00e4het\u00e4 kysymys <span class=\"wpforms-required-label\">*<\/span><\/label><textarea id=\"wpforms-67-field_2\" class=\"wpforms-field-medium wpforms-field-required\" name=\"wpforms[fields][2]\" required><\/textarea><\/div><\/div><!-- .wpforms-field-container --><div class=\"wpforms-field wpforms-field-hp\"><label for=\"wpforms-67-field-hp\" class=\"wpforms-field-label\">Comment<\/label><input type=\"text\" name=\"wpforms[hp]\" id=\"wpforms-67-field-hp\" class=\"wpforms-field-medium\"><\/div><div class=\"wpforms-recaptcha-container wpforms-is-recaptcha wpforms-is-recaptcha-type-v3\" ><input type=\"hidden\" name=\"wpforms[recaptcha]\" value=\"\"><\/div><div class=\"wpforms-submit-container\" ><input type=\"hidden\" name=\"wpforms[id]\" value=\"67\"><input type=\"hidden\" name=\"page_title\" value=\"\"><input type=\"hidden\" name=\"page_url\" value=\"https:\/\/www.govuokatti.fi\/en\/wp-json\/wp\/v2\/pages\/23710\"><input type=\"hidden\" name=\"url_referer\" value=\"\"><button type=\"submit\" name=\"wpforms[submit]\" id=\"wpforms-submit-67\" class=\"wpforms-submit\" data-alt-text=\"L\u00e4hett\u00e4\u00e4...\" data-submit-text=\"L\u00e4het\u00e4\" aria-live=\"assertive\" value=\"wpforms-submit\">L\u00e4het\u00e4<\/button><\/div><\/form><\/div>  <!-- .wpforms-container --><\/div>\n<p><!--more--><br \/>\n<!-- {\"type\":\"layout\",\"children\":[{\"type\":\"section\",\"props\":{\"image\":\"wp-content\\\/uploads\\\/2024\\\/08\\\/Nimeton-malli.jpg\",\"image_position\":\"center-center\",\"image_size\":\"cover\",\"padding\":\"large\",\"style\":\"default\",\"title_breakpoint\":\"xl\",\"title_position\":\"top-left\",\"title_rotation\":\"left\",\"vertical_align\":\"\",\"width\":\"default\"},\"children\":[{\"type\":\"row\",\"children\":[{\"type\":\"column\",\"props\":{\"image_position\":\"center-center\",\"position_sticky_breakpoint\":\"m\",\"text_color\":\"light\",\"width_medium\":\"1-1\"},\"children\":[{\"type\":\"headline\",\"props\":{\"content\":\"Skate and sauna raft\",\"title_element\":\"h1\",\"title_style\":\"heading-medium\"}}]}]}]},{\"type\":\"section\",\"props\":{\"image_position\":\"center-center\",\"style\":\"default\",\"title_breakpoint\":\"xl\",\"title_position\":\"top-left\",\"title_rotation\":\"left\",\"vertical_align\":\"middle\",\"width\":\"default\"},\"children\":[{\"type\":\"row\",\"children\":[{\"type\":\"column\",\"props\":{\"image_position\":\"center-center\",\"position_sticky_breakpoint\":\"m\"},\"children\":[{\"type\":\"text\",\"props\":{\"column_breakpoint\":\"m\",\"content\":\"[booking-form client-id=\\\"66c84a19880cf0cd351375f1\\\" id=\\\"66cee61aa63ca91f8a6caad1\\\"]\\n\",\"margin\":\"default\"},\"name\":\"funbutler\"}]}]}]},{\"type\":\"section\",\"props\":{\"image_position\":\"center-center\",\"style\":\"default\",\"title_breakpoint\":\"xl\",\"title_position\":\"top-left\",\"title_rotation\":\"left\",\"vertical_align\":\"\",\"width\":\"default\"},\"children\":[{\"type\":\"row\",\"props\":{\"layout\":\"1-2,1-2\"},\"children\":[{\"type\":\"column\",\"props\":{\"image_position\":\"center-center\",\"position_sticky_breakpoint\":\"m\",\"width_medium\":\"1-2\"},\"children\":[{\"type\":\"text\",\"props\":{\"column_breakpoint\":\"m\",\"content\":\"\n\n<p><strong>Welcome to experience something completely unique \\u2013 the world's largest skate sauna raft!<\\\/strong><\\\/p>\\n\n\n<p>This exceptional raft offers the perfect combination of relaxation and activities in nature. On board, you'll find a sauna that accommodates 8\\u201312 people, providing breathtaking views of the Vuokatti forest lake. You can also enjoy skating or scooting on the skate ramp!<\\\/p>\\n\n\n<p>The raft features a rooftop terrace where you can soak up the sun and fresh air, along with a grill for preparing delicious meals. If it rains, you can retreat to the covered terrace for comfortable shelter. The softly lit raft creates a wonderful atmosphere, especially on autumn evenings.<\\\/p>\\n\n\n<p>When you're ready to refresh, jump right off the raft into the clear water or go paddleboarding in the beautiful scenery of Vuokatti's Ahvenlampi. This is an experience you won\\u2019t want to miss \\u2013 come and enjoy the world's largest skate sauna raft at Go Vuokatti's Water Adventure Center!<\\\/p>\",\"margin\":\"default\"}},{\"type\":\"description_list\",\"props\":{\"column_breakpoint\":\"m\",\"layout\":\"grid-2\",\"list_element\":\"ul\",\"list_style\":\"divider\",\"meta_align\":\"below-content\",\"meta_style\":\"text-meta\",\"show_content\":true,\"show_link\":true,\"show_meta\":true,\"show_title\":true,\"title_element\":\"h3\",\"title_grid_column_gap\":\"small\",\"title_grid_row_gap\":\"small\",\"title_grid_width\":\"small\",\"title_style\":\"h5\"},\"children\":[{\"type\":\"description_list_item\",\"props\":{\"content\":\"\n\n<p>Private events<br \\\/>299\\u20ac\\\/group<br \\\/><br \\\/>Available only 7 pm to 10 pm.<\\\/p>\",\"title\":\"Price\"}},{\"type\":\"description_list_item\",\"props\":{\"content\":\"\n\n<p>Max 30 person<\\\/p>\",\"title\":\"Group size\"}},{\"type\":\"description_list_item\",\"props\":{\"content\":\"\n\n<p>The sauna will be warm upon the group's arrival. We will guide you on how to use the sauna and explain what to do when the sauna session ends. The terraces and grill will be available for your use.<\\\/p>\",\"title\":\"Includes\"}},{\"type\":\"description_list_item\",\"props\":{\"content\":\"\n\n<p>Vuokatin Vesiel\\u00e4myskeskus<br \\\/>Veikontie 4 \\\/ Ahvenlampi<br \\\/>88610 Vuokatti<\\\/p>\",\"title\":\"Location\"}},{\"type\":\"description_list_item\",\"props\":{\"content\":\"\n\n<p>Every activity is available with this. Ask more!<\\\/p>\",\"title\":\"Additional services\"}}]}]},{\"type\":\"column\",\"props\":{\"image_position\":\"center-center\",\"position_sticky_breakpoint\":\"m\",\"width_medium\":\"1-2\"},\"children\":[{\"type\":\"slideshow\",\"props\":{\"link_style\":\"default\",\"link_text\":\"Read more\",\"margin\":\"default\",\"meta_align\":\"below-title\",\"meta_element\":\"div\",\"meta_style\":\"text-meta\",\"nav\":\"thumbnav\",\"nav_align\":\"center\",\"nav_below\":true,\"nav_breakpoint\":\"s\",\"nav_margin\":\"small\",\"nav_position\":\"bottom-center\",\"nav_position_margin\":\"medium\",\"overlay_animation\":\"parallax\",\"overlay_position\":\"center-left\",\"show_content\":true,\"show_link\":true,\"show_meta\":true,\"show_thumbnail\":true,\"show_title\":false,\"slidenav\":\"default\",\"slidenav_breakpoint\":\"s\",\"slidenav_hover\":true,\"slidenav_margin\":\"medium\",\"slidenav_outside_breakpoint\":\"xl\",\"slideshow_autoplay\":true,\"slideshow_autoplay_pause\":true,\"slideshow_min_height\":300,\"thumbnav_height\":\"50\",\"thumbnav_svg_color\":\"emphasis\",\"thumbnav_width\":\"50\",\"title_element\":\"h3\",\"title_hover_style\":\"reset\"},\"children\":[{\"type\":\"slideshow_item\",\"props\":{\"image\":\"wp-content\\\/uploads\\\/2024\\\/08\\\/LAUTTA-1920x1280-1.jpg\"}},{\"type\":\"slideshow_item\",\"props\":{\"image\":\"wp-content\\\/uploads\\\/2024\\\/08\\\/lautta.jpeg\"}},{\"type\":\"slideshow_item\",\"props\":{\"image\":\"wp-content\\\/uploads\\\/2024\\\/08\\\/Nimeton-malli-2.png\"}},{\"type\":\"slideshow_item\",\"props\":{\"image\":\"wp-content\\\/uploads\\\/2024\\\/08\\\/Nimeton-malli-3.png\"}}]}]}]}]},{\"type\":\"section\",\"props\":{\"image_position\":\"center-center\",\"style\":\"muted\",\"title_breakpoint\":\"xl\",\"title_position\":\"top-left\",\"title_rotation\":\"left\",\"vertical_align\":\"\",\"width\":\"default\"},\"children\":[{\"type\":\"row\",\"children\":[{\"type\":\"column\",\"props\":{\"image_position\":\"center-center\",\"position_sticky_breakpoint\":\"m\",\"width_medium\":\"1-1\"},\"children\":[{\"type\":\"headline\",\"props\":{\"content\":\"CONTACT US\",\"title_decoration\":\"line\",\"title_element\":\"h2\",\"title_style\":\"h2\"}},{\"type\":\"text\",\"props\":{\"column_breakpoint\":\"m\",\"content\":\"[wpforms id=\\\"67\\\"]\",\"margin\":\"default\"},\"name\":\"lomake\"}]}]}]}],\"version\":\"4.5.14\"} --><\/p>\n","protected":false},"excerpt":{"rendered":"<p>Skate and sauna raft Welcome to experience something completely unique \u2013 the world&#8217;s largest skate sauna raft! This exceptional raft offers the perfect combination of relaxation and activities in nature. On board, you&#8217;ll find a sauna that accommodates 8\u201312 people, providing breathtaking views of the Vuokatti forest lake. You can also enjoy skating or scooting [&hellip;]<\/p>\n","protected":false},"author":3,"featured_media":0,"parent":13875,"menu_order":0,"comment_status":"closed","ping_status":"closed","template":"","meta":{"footnotes":""},"class_list":["post-23710","page","type-page","status-publish","hentry"],"yoast_head":"<!-- This site is optimized with the Yoast SEO plugin v27.2 - https:\/\/yoast.com\/product\/yoast-seo-wordpress\/ -->\n<title>Sauna raft - Go Vuokatti<\/title>\n<meta name=\"description\" content=\"Experience the sauna raft at Go Vuokatti on Ahvenlampi lake, combining relaxation and fun. Enjoy the unique floating sauna and a skate ramp.\" \/>\n<meta name=\"robots\" content=\"index, follow, max-snippet:-1, max-image-preview:large, max-video-preview:-1\" \/>\n<link rel=\"canonical\" href=\"https:\/\/www.govuokatti.fi\/en\/water-experience-center\/sauna-raft\/\" \/>\n<meta property=\"og:locale\" content=\"en_US\" \/>\n<meta property=\"og:type\" content=\"article\" \/>\n<meta property=\"og:title\" content=\"Sauna raft - Go Vuokatti\" \/>\n<meta property=\"og:description\" content=\"Experience the sauna raft at Go Vuokatti on Ahvenlampi lake, combining relaxation and fun. Enjoy the unique floating sauna and a skate ramp.\" \/>\n<meta property=\"og:url\" content=\"https:\/\/www.govuokatti.fi\/en\/water-experience-center\/sauna-raft\/\" \/>\n<meta property=\"og:site_name\" content=\"Go Vuokatti\" \/>\n<meta property=\"article:modified_time\" content=\"2025-08-29T08:21:17+00:00\" \/>\n<meta name=\"twitter:card\" content=\"summary_large_image\" \/>\n<meta name=\"twitter:label1\" content=\"Est. reading time\" \/>\n\t<meta name=\"twitter:data1\" content=\"3 minutes\" \/>\n<script type=\"application\/ld+json\" class=\"yoast-schema-graph\">{\"@context\":\"https:\/\/schema.org\",\"@graph\":[{\"@type\":\"WebPage\",\"@id\":\"https:\/\/www.govuokatti.fi\/en\/water-experience-center\/sauna-raft\/\",\"url\":\"https:\/\/www.govuokatti.fi\/en\/water-experience-center\/sauna-raft\/\",\"name\":\"Sauna raft - Go Vuokatti\",\"isPartOf\":{\"@id\":\"https:\/\/www.govuokatti.fi\/en\/#website\"},\"datePublished\":\"2024-10-31T16:50:04+00:00\",\"dateModified\":\"2025-08-29T08:21:17+00:00\",\"description\":\"Experience the sauna raft at Go Vuokatti on Ahvenlampi lake, combining relaxation and fun. Enjoy the unique floating sauna and a skate ramp.\",\"breadcrumb\":{\"@id\":\"https:\/\/www.govuokatti.fi\/en\/water-experience-center\/sauna-raft\/#breadcrumb\"},\"inLanguage\":\"en-US\",\"potentialAction\":[{\"@type\":\"ReadAction\",\"target\":[\"https:\/\/www.govuokatti.fi\/en\/water-experience-center\/sauna-raft\/\"]}]},{\"@type\":\"BreadcrumbList\",\"@id\":\"https:\/\/www.govuokatti.fi\/en\/water-experience-center\/sauna-raft\/#breadcrumb\",\"itemListElement\":[{\"@type\":\"ListItem\",\"position\":1,\"name\":\"Home\",\"item\":\"https:\/\/www.govuokatti.fi\/en\/\"},{\"@type\":\"ListItem\",\"position\":2,\"name\":\"Vesiel\u00e4myskeskus\",\"item\":\"https:\/\/www.govuokatti.fi\/en\/water-experience-center\/\"},{\"@type\":\"ListItem\",\"position\":3,\"name\":\"Sauna raft\"}]},{\"@type\":\"WebSite\",\"@id\":\"https:\/\/www.govuokatti.fi\/en\/#website\",\"url\":\"https:\/\/www.govuokatti.fi\/en\/\",\"name\":\"GoVuokatti\",\"description\":\"Aktiviteetit kaikkiin tilanteisiin\",\"publisher\":{\"@id\":\"https:\/\/www.govuokatti.fi\/en\/#organization\"},\"potentialAction\":[{\"@type\":\"SearchAction\",\"target\":{\"@type\":\"EntryPoint\",\"urlTemplate\":\"https:\/\/www.govuokatti.fi\/en\/?s={search_term_string}\"},\"query-input\":{\"@type\":\"PropertyValueSpecification\",\"valueRequired\":true,\"valueName\":\"search_term_string\"}}],\"inLanguage\":\"en-US\"},{\"@type\":\"Organization\",\"@id\":\"https:\/\/www.govuokatti.fi\/en\/#organization\",\"name\":\"Go Vuokatti\",\"url\":\"https:\/\/www.govuokatti.fi\/en\/\",\"logo\":{\"@type\":\"ImageObject\",\"inLanguage\":\"en-US\",\"@id\":\"https:\/\/www.govuokatti.fi\/en\/#\/schema\/logo\/image\/\",\"url\":\"https:\/\/www.govuokatti.fi\/wp-content\/uploads\/2020\/04\/Go_Vuokatti_logo.png\",\"contentUrl\":\"https:\/\/www.govuokatti.fi\/wp-content\/uploads\/2020\/04\/Go_Vuokatti_logo.png\",\"width\":387,\"height\":135,\"caption\":\"Go Vuokatti\"},\"image\":{\"@id\":\"https:\/\/www.govuokatti.fi\/en\/#\/schema\/logo\/image\/\"},\"sameAs\":[\"https:\/\/www.instagram.com\/go_vuokatti\/\"]}]}<\/script>\n<!-- \/ Yoast SEO plugin. -->","yoast_head_json":{"title":"Sauna raft - Go Vuokatti","description":"Experience the sauna raft at Go Vuokatti on Ahvenlampi lake, combining relaxation and fun. Enjoy the unique floating sauna and a skate ramp.","robots":{"index":"index","follow":"follow","max-snippet":"max-snippet:-1","max-image-preview":"max-image-preview:large","max-video-preview":"max-video-preview:-1"},"canonical":"https:\/\/www.govuokatti.fi\/en\/water-experience-center\/sauna-raft\/","og_locale":"en_US","og_type":"article","og_title":"Sauna raft - Go Vuokatti","og_description":"Experience the sauna raft at Go Vuokatti on Ahvenlampi lake, combining relaxation and fun. Enjoy the unique floating sauna and a skate ramp.","og_url":"https:\/\/www.govuokatti.fi\/en\/water-experience-center\/sauna-raft\/","og_site_name":"Go Vuokatti","article_modified_time":"2025-08-29T08:21:17+00:00","twitter_card":"summary_large_image","twitter_misc":{"Est. reading time":"3 minutes"},"schema":{"@context":"https:\/\/schema.org","@graph":[{"@type":"WebPage","@id":"https:\/\/www.govuokatti.fi\/en\/water-experience-center\/sauna-raft\/","url":"https:\/\/www.govuokatti.fi\/en\/water-experience-center\/sauna-raft\/","name":"Sauna raft - Go Vuokatti","isPartOf":{"@id":"https:\/\/www.govuokatti.fi\/en\/#website"},"datePublished":"2024-10-31T16:50:04+00:00","dateModified":"2025-08-29T08:21:17+00:00","description":"Experience the sauna raft at Go Vuokatti on Ahvenlampi lake, combining relaxation and fun. Enjoy the unique floating sauna and a skate ramp.","breadcrumb":{"@id":"https:\/\/www.govuokatti.fi\/en\/water-experience-center\/sauna-raft\/#breadcrumb"},"inLanguage":"en-US","potentialAction":[{"@type":"ReadAction","target":["https:\/\/www.govuokatti.fi\/en\/water-experience-center\/sauna-raft\/"]}]},{"@type":"BreadcrumbList","@id":"https:\/\/www.govuokatti.fi\/en\/water-experience-center\/sauna-raft\/#breadcrumb","itemListElement":[{"@type":"ListItem","position":1,"name":"Home","item":"https:\/\/www.govuokatti.fi\/en\/"},{"@type":"ListItem","position":2,"name":"Vesiel\u00e4myskeskus","item":"https:\/\/www.govuokatti.fi\/en\/water-experience-center\/"},{"@type":"ListItem","position":3,"name":"Sauna raft"}]},{"@type":"WebSite","@id":"https:\/\/www.govuokatti.fi\/en\/#website","url":"https:\/\/www.govuokatti.fi\/en\/","name":"GoVuokatti","description":"Aktiviteetit kaikkiin tilanteisiin","publisher":{"@id":"https:\/\/www.govuokatti.fi\/en\/#organization"},"potentialAction":[{"@type":"SearchAction","target":{"@type":"EntryPoint","urlTemplate":"https:\/\/www.govuokatti.fi\/en\/?s={search_term_string}"},"query-input":{"@type":"PropertyValueSpecification","valueRequired":true,"valueName":"search_term_string"}}],"inLanguage":"en-US"},{"@type":"Organization","@id":"https:\/\/www.govuokatti.fi\/en\/#organization","name":"Go Vuokatti","url":"https:\/\/www.govuokatti.fi\/en\/","logo":{"@type":"ImageObject","inLanguage":"en-US","@id":"https:\/\/www.govuokatti.fi\/en\/#\/schema\/logo\/image\/","url":"https:\/\/www.govuokatti.fi\/wp-content\/uploads\/2020\/04\/Go_Vuokatti_logo.png","contentUrl":"https:\/\/www.govuokatti.fi\/wp-content\/uploads\/2020\/04\/Go_Vuokatti_logo.png","width":387,"height":135,"caption":"Go Vuokatti"},"image":{"@id":"https:\/\/www.govuokatti.fi\/en\/#\/schema\/logo\/image\/"},"sameAs":["https:\/\/www.instagram.com\/go_vuokatti\/"]}]}},"_links":{"self":[{"href":"https:\/\/www.govuokatti.fi\/en\/wp-json\/wp\/v2\/pages\/23710","targetHints":{"allow":["GET"]}}],"collection":[{"href":"https:\/\/www.govuokatti.fi\/en\/wp-json\/wp\/v2\/pages"}],"about":[{"href":"https:\/\/www.govuokatti.fi\/en\/wp-json\/wp\/v2\/types\/page"}],"author":[{"embeddable":true,"href":"https:\/\/www.govuokatti.fi\/en\/wp-json\/wp\/v2\/users\/3"}],"replies":[{"embeddable":true,"href":"https:\/\/www.govuokatti.fi\/en\/wp-json\/wp\/v2\/comments?post=23710"}],"version-history":[{"count":9,"href":"https:\/\/www.govuokatti.fi\/en\/wp-json\/wp\/v2\/pages\/23710\/revisions"}],"predecessor-version":[{"id":24536,"href":"https:\/\/www.govuokatti.fi\/en\/wp-json\/wp\/v2\/pages\/23710\/revisions\/24536"}],"up":[{"embeddable":true,"href":"https:\/\/www.govuokatti.fi\/en\/wp-json\/wp\/v2\/pages\/13875"}],"wp:attachment":[{"href":"https:\/\/www.govuokatti.fi\/en\/wp-json\/wp\/v2\/media?parent=23710"}],"curies":[{"name":"wp","href":"https:\/\/api.w.org\/{rel}","templated":true}]}}